{"id":124,"date":"2020-11-19T18:42:13","date_gmt":"2020-11-19T17:42:13","guid":{"rendered":"https:\/\/burgen-manderscheid.de\/?page_id=124"},"modified":"2025-05-08T13:57:08","modified_gmt":"2025-05-08T12:57:08","slug":"historisches-burgenfest-manderscheid","status":"publish","type":"page","link":"https:\/\/burgen-manderscheid.de\/?page_id=124","title":{"rendered":"Historisches Burgenfest Manderscheid"},"content":{"rendered":"\n<h2 class=\"wp-block-heading\">Historisches Burgenfest Manderscheid vom 30. &#8211; 31. August 2025<img decoding=\"async\" class=\"wp-image-126\" style=\"width: NaNpx;\" src=\"https:\/\/burgen-manderscheid.de\/wp-content\/uploads\/kunibert.jpg\" alt=\"\"><\/h2>\n\n\n\n<h2 class=\"wp-block-heading\">Mittelalterliches Treiben<\/h2>\n\n\n\n<p>Wir treffen auf Ritter, Knappen, Bauern, ein buntgemischtes Volk. Am Turnierplatz haben sich bereits hunderte Besucher versammelt, um einen guten Blick auf die K\u00e4mpfenden zu haben. Wenn man sich umdreht, bietet die hoch in den Himmel ragende Silhouette der Niederburg ein beeindruckendes Bild erhabener Unbezwingbarkeit. Wie bewegliche Zinnen wirken die vielen Menschen, die einen Blick hinab auf das bunte Treiben werfen.<\/p>\n\n\n\n<figure class=\"wp-block-gallery has-nested-images columns-default is-cropped wp-block-gallery-1 is-layout-flex wp-block-gallery-is-layout-flex\">\n<figure class=\"wp-block-image size-large\"><img loading=\"lazy\" decoding=\"async\" width=\"1024\" height=\"683\" data-id=\"209\" src=\"https:\/\/burgen-manderscheid.de\/wp-content\/uploads\/IMG_0002-1024x683.jpg\" alt=\"\" class=\"wp-image-209\" srcset=\"https:\/\/burgen-manderscheid.de\/wp-content\/uploads\/IMG_0002-1024x683.jpg 1024w, https:\/\/burgen-manderscheid.de\/wp-content\/uploads\/IMG_0002-300x200.jpg 300w, https:\/\/burgen-manderscheid.de\/wp-content\/uploads\/IMG_0002-768x512.jpg 768w, https:\/\/burgen-manderscheid.de\/wp-content\/uploads\/IMG_0002-1536x1025.jpg 1536w, https:\/\/burgen-manderscheid.de\/wp-content\/uploads\/IMG_0002-1600x1068.jpg 1600w, https:\/\/burgen-manderscheid.de\/wp-content\/uploads\/IMG_0002.jpg 1920w\" sizes=\"auto, (max-width: 1024px) 100vw, 1024px\" \/><\/figure>\n\n\n\n<figure class=\"wp-block-image size-large\"><img loading=\"lazy\" decoding=\"async\" width=\"1024\" height=\"683\" data-id=\"238\" src=\"https:\/\/burgen-manderscheid.de\/wp-content\/uploads\/IMG_0035-1024x683.jpg\" alt=\"\" class=\"wp-image-238\" srcset=\"https:\/\/burgen-manderscheid.de\/wp-content\/uploads\/IMG_0035-1024x683.jpg 1024w, https:\/\/burgen-manderscheid.de\/wp-content\/uploads\/IMG_0035-300x200.jpg 300w, https:\/\/burgen-manderscheid.de\/wp-content\/uploads\/IMG_0035-768x512.jpg 768w, https:\/\/burgen-manderscheid.de\/wp-content\/uploads\/IMG_0035-1536x1025.jpg 1536w, https:\/\/burgen-manderscheid.de\/wp-content\/uploads\/IMG_0035-1600x1068.jpg 1600w, https:\/\/burgen-manderscheid.de\/wp-content\/uploads\/IMG_0035.jpg 1920w\" sizes=\"auto, (max-width: 1024px) 100vw, 1024px\" \/><\/figure>\n<\/figure>\n\n\n\n<h2 class=\"wp-block-heading\">Doch zur\u00fcck zum Geschehen:<\/h2>\n\n\n\n<p>Auf der gegen\u00fcberliegenden Seite haben die Ritter ihre Zelte aufgebaut. Gleich beginnt der gro\u00dfe Kampf. Schon ert\u00f6nt das Fanfarensignal. Da kommen sie. Einer herrlicher anzuschauen als der Andere, angef\u00fchrt vom Manderscheider Grafen pr\u00e4sentieren sie sich dem schaulustigen Fu\u00dfvolk. Doch bevor sie gegeneinander in die Schranken reiten, gilt es, Geschicklichkeit zu beweisen.<br>Mit Bogen und Lanze reiten sie gegen den wilden Eber und bek\u00e4mpfen einen h\u00f6lzernen Gegner. Danach geben zwei in Leder geh\u00fcllte Bogensch\u00fctzen eine Kostprobe ihrer Treffsicherheit. Schlie\u00dflich kommt der gro\u00dfe Augenblick: Der Kampf \u201eMann gegen Mann\u201d wird ausgerufen. Die beiden ersten Ritter stehen bereit, der Herold gibt das Signal. Mit einem m\u00e4chtigen Schnauben galoppieren die Pferde los. Die Lanzen senken sich<br>Nur noch drei Meter &#8211; zwei &#8211; einer&#8230;<\/p>\n\n\n\n<figure class=\"wp-block-gallery has-nested-images columns-default is-cropped wp-block-gallery-2 is-layout-flex wp-block-gallery-is-layout-flex\">\n<figure class=\"wp-block-image size-large\"><img loading=\"lazy\" decoding=\"async\" width=\"683\" height=\"1024\" data-id=\"245\" src=\"https:\/\/burgen-manderscheid.de\/wp-content\/uploads\/IMG_0043-683x1024.jpg\" alt=\"\" class=\"wp-image-245\" srcset=\"https:\/\/burgen-manderscheid.de\/wp-content\/uploads\/IMG_0043-683x1024.jpg 683w, https:\/\/burgen-manderscheid.de\/wp-content\/uploads\/IMG_0043-200x300.jpg 200w, https:\/\/burgen-manderscheid.de\/wp-content\/uploads\/IMG_0043-768x1151.jpg 768w, https:\/\/burgen-manderscheid.de\/wp-content\/uploads\/IMG_0043-1025x1536.jpg 1025w, https:\/\/burgen-manderscheid.de\/wp-content\/uploads\/IMG_0043.jpg 1281w\" sizes=\"auto, (max-width: 683px) 100vw, 683px\" \/><\/figure>\n\n\n\n<figure class=\"wp-block-image size-large\"><img loading=\"lazy\" decoding=\"async\" width=\"1024\" height=\"683\" data-id=\"220\" src=\"https:\/\/burgen-manderscheid.de\/wp-content\/uploads\/IMG_0013-1024x683.jpg\" alt=\"\" class=\"wp-image-220\" srcset=\"https:\/\/burgen-manderscheid.de\/wp-content\/uploads\/IMG_0013-1024x683.jpg 1024w, https:\/\/burgen-manderscheid.de\/wp-content\/uploads\/IMG_0013-300x200.jpg 300w, https:\/\/burgen-manderscheid.de\/wp-content\/uploads\/IMG_0013-768x512.jpg 768w, https:\/\/burgen-manderscheid.de\/wp-content\/uploads\/IMG_0013-1536x1025.jpg 1536w, https:\/\/burgen-manderscheid.de\/wp-content\/uploads\/IMG_0013-1600x1068.jpg 1600w, https:\/\/burgen-manderscheid.de\/wp-content\/uploads\/IMG_0013.jpg 1920w\" sizes=\"auto, (max-width: 1024px) 100vw, 1024px\" \/><\/figure>\n<\/figure>\n\n\n\n<figure class=\"wp-block-embed is-type-video is-provider-youtube wp-block-embed-youtube wp-embed-aspect-16-9 wp-has-aspect-ratio\"><div class=\"wp-block-embed__wrapper\">\n<iframe loading=\"lazy\" title=\"Manderscheider Burgenfest 2024\" width=\"688\" height=\"387\" src=\"https:\/\/www.youtube.com\/embed\/18EjqD5Zfac?feature=oembed\" frameborder=\"0\" allow=\"accelerometer; autoplay; clipboard-write; encrypted-media; gyroscope; picture-in-picture; web-share\" referrerpolicy=\"strict-origin-when-cross-origin\" allowfullscreen><\/iframe>\n<\/div><\/figure>\n\n\n\n<figure class=\"wp-block-embed is-type-video is-provider-youtube wp-block-embed-youtube wp-embed-aspect-16-9 wp-has-aspect-ratio\"><div class=\"wp-block-embed__wrapper\">\n<iframe loading=\"lazy\" title=\"Historisches Burgenfest Manderscheid 2017\" width=\"688\" height=\"387\" src=\"https:\/\/www.youtube.com\/embed\/aOl2Lj5lLWc?feature=oembed\" frameborder=\"0\" allow=\"accelerometer; autoplay; clipboard-write; encrypted-media; gyroscope; picture-in-picture; web-share\" referrerpolicy=\"strict-origin-when-cross-origin\" allowfullscreen><\/iframe>\n<\/div><\/figure>\n\n\n\n<h2 class=\"wp-block-heading\"><strong>Faszination Mittelalter<\/strong><\/h2>\n\n\n\n<p>Das mittelalterliche Leben zieht moderne Menschen in seinen Bann. Ganz bestimmt m\u00f6chte niemand die grausamen Seiten dieser Zeit wiederbeleben. Aber die Vergangenheit hatte eben auch sch\u00f6ne Zeiten und genau diese werden regelm\u00e4\u00dfig in Manderscheid in Erinnerung gerufen. Wenn am letzten Augustwochenende jeden Jahres die B\u00e4nkels\u00e4nger, Gaukler, Jongleure oder Handwerker ihr Geschick beim Historischen Burgenfest auf der Niederburg zeigen, ist das ein farbenfrohes Spektakel, das diese sch\u00f6nen Seiten des Mittelalters wieder lebendig werden l\u00e4sst. Alle Sinne werden gereizt.<br>Das bunte Treiben auf der Niederburg und der Turnierwiese erf\u00fcllt mit bet\u00f6renden Ger\u00fcchen die Nasen, farbenfrohen Eindr\u00fccken die Augen, kr\u00e4ftigen Geschm\u00e4cken den Gaumen und harmonischen Kl\u00e4ngen die Ohren. H\u00f6hepunkt jedes Burgenfestes sind die k\u00e4mpfenden Ritter. Sie demonstrieren ihre Geschicklichkeit mit Bogen und Lanze und vor allem, sie reiten Ritter gegen Ritter. Das live zu erleben, kann kein Film \u00fcberbieten.<\/p>\n\n\n\n<figure class=\"wp-block-gallery has-nested-images columns-default wp-block-gallery-3 is-layout-flex wp-block-gallery-is-layout-flex\">\n<figure class=\"wp-block-image size-large\"><img loading=\"lazy\" decoding=\"async\" width=\"1024\" height=\"683\" data-id=\"219\" src=\"https:\/\/burgen-manderscheid.de\/wp-content\/uploads\/IMG_0012-1024x683.jpg\" alt=\"\" class=\"wp-image-219\" srcset=\"https:\/\/burgen-manderscheid.de\/wp-content\/uploads\/IMG_0012-1024x683.jpg 1024w, https:\/\/burgen-manderscheid.de\/wp-content\/uploads\/IMG_0012-300x200.jpg 300w, https:\/\/burgen-manderscheid.de\/wp-content\/uploads\/IMG_0012-768x512.jpg 768w, https:\/\/burgen-manderscheid.de\/wp-content\/uploads\/IMG_0012-1536x1025.jpg 1536w, https:\/\/burgen-manderscheid.de\/wp-content\/uploads\/IMG_0012-1600x1068.jpg 1600w, https:\/\/burgen-manderscheid.de\/wp-content\/uploads\/IMG_0012.jpg 1920w\" sizes=\"auto, (max-width: 1024px) 100vw, 1024px\" \/><\/figure>\n\n\n\n<figure class=\"wp-block-image size-large\"><img loading=\"lazy\" decoding=\"async\" width=\"1024\" height=\"683\" data-id=\"227\" src=\"https:\/\/burgen-manderscheid.de\/wp-content\/uploads\/IMG_0020-1024x683.jpg\" alt=\"\" class=\"wp-image-227\" srcset=\"https:\/\/burgen-manderscheid.de\/wp-content\/uploads\/IMG_0020-1024x683.jpg 1024w, https:\/\/burgen-manderscheid.de\/wp-content\/uploads\/IMG_0020-300x200.jpg 300w, https:\/\/burgen-manderscheid.de\/wp-content\/uploads\/IMG_0020-768x512.jpg 768w, https:\/\/burgen-manderscheid.de\/wp-content\/uploads\/IMG_0020-1536x1025.jpg 1536w, https:\/\/burgen-manderscheid.de\/wp-content\/uploads\/IMG_0020-1600x1068.jpg 1600w, https:\/\/burgen-manderscheid.de\/wp-content\/uploads\/IMG_0020.jpg 1920w\" sizes=\"auto, (max-width: 1024px) 100vw, 1024px\" \/><\/figure>\n\n\n\n<figure class=\"wp-block-image size-large\"><img loading=\"lazy\" decoding=\"async\" width=\"1024\" height=\"683\" data-id=\"220\" src=\"https:\/\/burgen-manderscheid.de\/wp-content\/uploads\/IMG_0013-1024x683.jpg\" alt=\"\" class=\"wp-image-220\" srcset=\"https:\/\/burgen-manderscheid.de\/wp-content\/uploads\/IMG_0013-1024x683.jpg 1024w, https:\/\/burgen-manderscheid.de\/wp-content\/uploads\/IMG_0013-300x200.jpg 300w, https:\/\/burgen-manderscheid.de\/wp-content\/uploads\/IMG_0013-768x512.jpg 768w, https:\/\/burgen-manderscheid.de\/wp-content\/uploads\/IMG_0013-1536x1025.jpg 1536w, https:\/\/burgen-manderscheid.de\/wp-content\/uploads\/IMG_0013-1600x1068.jpg 1600w, https:\/\/burgen-manderscheid.de\/wp-content\/uploads\/IMG_0013.jpg 1920w\" sizes=\"auto, (max-width: 1024px) 100vw, 1024px\" \/><\/figure>\n\n\n\n<figure class=\"wp-block-image size-large\"><img loading=\"lazy\" decoding=\"async\" width=\"683\" height=\"1024\" data-id=\"213\" src=\"https:\/\/burgen-manderscheid.de\/wp-content\/uploads\/IMG_0007-683x1024.jpg\" alt=\"\" class=\"wp-image-213\" srcset=\"https:\/\/burgen-manderscheid.de\/wp-content\/uploads\/IMG_0007-683x1024.jpg 683w, https:\/\/burgen-manderscheid.de\/wp-content\/uploads\/IMG_0007-200x300.jpg 200w, https:\/\/burgen-manderscheid.de\/wp-content\/uploads\/IMG_0007-768x1151.jpg 768w, https:\/\/burgen-manderscheid.de\/wp-content\/uploads\/IMG_0007-1025x1536.jpg 1025w, https:\/\/burgen-manderscheid.de\/wp-content\/uploads\/IMG_0007.jpg 1281w\" sizes=\"auto, (max-width: 683px) 100vw, 683px\" \/><\/figure>\n\n\n\n<figure class=\"wp-block-image size-large\"><img loading=\"lazy\" decoding=\"async\" width=\"683\" height=\"1024\" data-id=\"215\" src=\"https:\/\/burgen-manderscheid.de\/wp-content\/uploads\/IMG_0009-683x1024.jpg\" alt=\"\" class=\"wp-image-215\" srcset=\"https:\/\/burgen-manderscheid.de\/wp-content\/uploads\/IMG_0009-683x1024.jpg 683w, https:\/\/burgen-manderscheid.de\/wp-content\/uploads\/IMG_0009-200x300.jpg 200w, https:\/\/burgen-manderscheid.de\/wp-content\/uploads\/IMG_0009-768x1151.jpg 768w, https:\/\/burgen-manderscheid.de\/wp-content\/uploads\/IMG_0009-1025x1536.jpg 1025w, https:\/\/burgen-manderscheid.de\/wp-content\/uploads\/IMG_0009.jpg 1281w\" sizes=\"auto, (max-width: 683px) 100vw, 683px\" \/><\/figure>\n\n\n\n<figure class=\"wp-block-image size-large\"><img loading=\"lazy\" decoding=\"async\" width=\"683\" height=\"1024\" data-id=\"216\" src=\"https:\/\/burgen-manderscheid.de\/wp-content\/uploads\/IMG_0010-683x1024.jpg\" alt=\"\" class=\"wp-image-216\" srcset=\"https:\/\/burgen-manderscheid.de\/wp-content\/uploads\/IMG_0010-683x1024.jpg 683w, https:\/\/burgen-manderscheid.de\/wp-content\/uploads\/IMG_0010-200x300.jpg 200w, https:\/\/burgen-manderscheid.de\/wp-content\/uploads\/IMG_0010-768x1151.jpg 768w, https:\/\/burgen-manderscheid.de\/wp-content\/uploads\/IMG_0010-1025x1536.jpg 1025w, https:\/\/burgen-manderscheid.de\/wp-content\/uploads\/IMG_0010.jpg 1281w\" sizes=\"auto, (max-width: 683px) 100vw, 683px\" \/><\/figure>\n\n\n\n<figure class=\"wp-block-image size-large\"><img loading=\"lazy\" decoding=\"async\" width=\"683\" height=\"1024\" data-id=\"224\" src=\"https:\/\/burgen-manderscheid.de\/wp-content\/uploads\/IMG_0017-683x1024.jpg\" alt=\"\" class=\"wp-image-224\" srcset=\"https:\/\/burgen-manderscheid.de\/wp-content\/uploads\/IMG_0017-683x1024.jpg 683w, https:\/\/burgen-manderscheid.de\/wp-content\/uploads\/IMG_0017-200x300.jpg 200w, https:\/\/burgen-manderscheid.de\/wp-content\/uploads\/IMG_0017-768x1151.jpg 768w, https:\/\/burgen-manderscheid.de\/wp-content\/uploads\/IMG_0017-1025x1536.jpg 1025w, https:\/\/burgen-manderscheid.de\/wp-content\/uploads\/IMG_0017.jpg 1281w\" sizes=\"auto, (max-width: 683px) 100vw, 683px\" \/><\/figure>\n\n\n\n<figure class=\"wp-block-image size-large\"><img loading=\"lazy\" decoding=\"async\" width=\"683\" height=\"1024\" data-id=\"217\" src=\"https:\/\/burgen-manderscheid.de\/wp-content\/uploads\/IMG_0011-683x1024.jpg\" alt=\"\" class=\"wp-image-217\" srcset=\"https:\/\/burgen-manderscheid.de\/wp-content\/uploads\/IMG_0011-683x1024.jpg 683w, https:\/\/burgen-manderscheid.de\/wp-content\/uploads\/IMG_0011-200x300.jpg 200w, https:\/\/burgen-manderscheid.de\/wp-content\/uploads\/IMG_0011-768x1151.jpg 768w, https:\/\/burgen-manderscheid.de\/wp-content\/uploads\/IMG_0011-1025x1536.jpg 1025w, https:\/\/burgen-manderscheid.de\/wp-content\/uploads\/IMG_0011.jpg 1281w\" sizes=\"auto, (max-width: 683px) 100vw, 683px\" \/><\/figure>\n\n\n\n<figure class=\"wp-block-image size-large\"><img loading=\"lazy\" decoding=\"async\" width=\"320\" height=\"320\" data-id=\"53\" src=\"https:\/\/burgen-manderscheid.de\/wp-content\/uploads\/ritter-martin-1.jpg\" alt=\"\" class=\"wp-image-53\" srcset=\"https:\/\/burgen-manderscheid.de\/wp-content\/uploads\/ritter-martin-1.jpg 320w, https:\/\/burgen-manderscheid.de\/wp-content\/uploads\/ritter-martin-1-300x300.jpg 300w, https:\/\/burgen-manderscheid.de\/wp-content\/uploads\/ritter-martin-1-150x150.jpg 150w\" sizes=\"auto, (max-width: 320px) 100vw, 320px\" \/><\/figure>\n\n\n\n<figure class=\"wp-block-image size-large\"><img loading=\"lazy\" decoding=\"async\" width=\"1024\" height=\"683\" data-id=\"232\" src=\"https:\/\/burgen-manderscheid.de\/wp-content\/uploads\/IMG_0026-1024x683.jpg\" alt=\"\" class=\"wp-image-232\" srcset=\"https:\/\/burgen-manderscheid.de\/wp-content\/uploads\/IMG_0026-1024x683.jpg 1024w, https:\/\/burgen-manderscheid.de\/wp-content\/uploads\/IMG_0026-300x200.jpg 300w, https:\/\/burgen-manderscheid.de\/wp-content\/uploads\/IMG_0026-768x512.jpg 768w, https:\/\/burgen-manderscheid.de\/wp-content\/uploads\/IMG_0026-1536x1025.jpg 1536w, https:\/\/burgen-manderscheid.de\/wp-content\/uploads\/IMG_0026-1600x1068.jpg 1600w, https:\/\/burgen-manderscheid.de\/wp-content\/uploads\/IMG_0026.jpg 1920w\" sizes=\"auto, (max-width: 1024px) 100vw, 1024px\" \/><\/figure>\n\n\n\n<figure class=\"wp-block-image size-large\"><img loading=\"lazy\" decoding=\"async\" width=\"1024\" height=\"683\" data-id=\"241\" src=\"https:\/\/burgen-manderscheid.de\/wp-content\/uploads\/IMG_0038-1024x683.jpg\" alt=\"\" class=\"wp-image-241\" srcset=\"https:\/\/burgen-manderscheid.de\/wp-content\/uploads\/IMG_0038-1024x683.jpg 1024w, https:\/\/burgen-manderscheid.de\/wp-content\/uploads\/IMG_0038-300x200.jpg 300w, https:\/\/burgen-manderscheid.de\/wp-content\/uploads\/IMG_0038-768x512.jpg 768w, https:\/\/burgen-manderscheid.de\/wp-content\/uploads\/IMG_0038-1536x1025.jpg 1536w, https:\/\/burgen-manderscheid.de\/wp-content\/uploads\/IMG_0038-1600x1068.jpg 1600w, https:\/\/burgen-manderscheid.de\/wp-content\/uploads\/IMG_0038.jpg 1920w\" sizes=\"auto, (max-width: 1024px) 100vw, 1024px\" \/><\/figure>\n\n\n\n<figure class=\"wp-block-image size-large\"><img loading=\"lazy\" decoding=\"async\" width=\"1024\" height=\"683\" data-id=\"247\" src=\"https:\/\/burgen-manderscheid.de\/wp-content\/uploads\/IMG_0045-1024x683.jpg\" alt=\"\" class=\"wp-image-247\" srcset=\"https:\/\/burgen-manderscheid.de\/wp-content\/uploads\/IMG_0045-1024x683.jpg 1024w, https:\/\/burgen-manderscheid.de\/wp-content\/uploads\/IMG_0045-300x200.jpg 300w, https:\/\/burgen-manderscheid.de\/wp-content\/uploads\/IMG_0045-768x512.jpg 768w, https:\/\/burgen-manderscheid.de\/wp-content\/uploads\/IMG_0045-1536x1025.jpg 1536w, https:\/\/burgen-manderscheid.de\/wp-content\/uploads\/IMG_0045-1600x1068.jpg 1600w, https:\/\/burgen-manderscheid.de\/wp-content\/uploads\/IMG_0045.jpg 1920w\" sizes=\"auto, (max-width: 1024px) 100vw, 1024px\" \/><\/figure>\n\n\n\n<figure class=\"wp-block-image size-large\"><img loading=\"lazy\" decoding=\"async\" width=\"1024\" height=\"683\" data-id=\"230\" src=\"https:\/\/burgen-manderscheid.de\/wp-content\/uploads\/IMG_0023-1024x683.jpg\" alt=\"\" class=\"wp-image-230\" srcset=\"https:\/\/burgen-manderscheid.de\/wp-content\/uploads\/IMG_0023-1024x683.jpg 1024w, https:\/\/burgen-manderscheid.de\/wp-content\/uploads\/IMG_0023-300x200.jpg 300w, https:\/\/burgen-manderscheid.de\/wp-content\/uploads\/IMG_0023-768x512.jpg 768w, https:\/\/burgen-manderscheid.de\/wp-content\/uploads\/IMG_0023-1536x1025.jpg 1536w, https:\/\/burgen-manderscheid.de\/wp-content\/uploads\/IMG_0023-1600x1068.jpg 1600w, https:\/\/burgen-manderscheid.de\/wp-content\/uploads\/IMG_0023.jpg 1920w\" sizes=\"auto, (max-width: 1024px) 100vw, 1024px\" \/><\/figure>\n\n\n\n<figure class=\"wp-block-image size-large\"><img loading=\"lazy\" decoding=\"async\" width=\"1024\" height=\"683\" data-id=\"208\" src=\"https:\/\/burgen-manderscheid.de\/wp-content\/uploads\/IMG_0001-1024x683.jpg\" alt=\"\" class=\"wp-image-208\" srcset=\"https:\/\/burgen-manderscheid.de\/wp-content\/uploads\/IMG_0001-1024x683.jpg 1024w, https:\/\/burgen-manderscheid.de\/wp-content\/uploads\/IMG_0001-300x200.jpg 300w, https:\/\/burgen-manderscheid.de\/wp-content\/uploads\/IMG_0001-768x512.jpg 768w, https:\/\/burgen-manderscheid.de\/wp-content\/uploads\/IMG_0001-1536x1025.jpg 1536w, https:\/\/burgen-manderscheid.de\/wp-content\/uploads\/IMG_0001-1600x1068.jpg 1600w, https:\/\/burgen-manderscheid.de\/wp-content\/uploads\/IMG_0001.jpg 1920w\" sizes=\"auto, (max-width: 1024px) 100vw, 1024px\" \/><\/figure>\n\n\n\n<figure class=\"wp-block-image size-large\"><img loading=\"lazy\" decoding=\"async\" width=\"1024\" height=\"683\" data-id=\"228\" src=\"https:\/\/burgen-manderscheid.de\/wp-content\/uploads\/IMG_0021-1024x683.jpg\" alt=\"\" class=\"wp-image-228\" srcset=\"https:\/\/burgen-manderscheid.de\/wp-content\/uploads\/IMG_0021-1024x683.jpg 1024w, https:\/\/burgen-manderscheid.de\/wp-content\/uploads\/IMG_0021-300x200.jpg 300w, https:\/\/burgen-manderscheid.de\/wp-content\/uploads\/IMG_0021-768x512.jpg 768w, https:\/\/burgen-manderscheid.de\/wp-content\/uploads\/IMG_0021-1536x1025.jpg 1536w, https:\/\/burgen-manderscheid.de\/wp-content\/uploads\/IMG_0021-1600x1068.jpg 1600w, https:\/\/burgen-manderscheid.de\/wp-content\/uploads\/IMG_0021.jpg 1920w\" sizes=\"auto, (max-width: 1024px) 100vw, 1024px\" \/><\/figure>\n\n\n\n<figure class=\"wp-block-image size-large\"><img loading=\"lazy\" decoding=\"async\" width=\"1024\" height=\"768\" data-id=\"231\" src=\"https:\/\/burgen-manderscheid.de\/wp-content\/uploads\/IMG_0024-1024x768.jpg\" alt=\"\" class=\"wp-image-231\" srcset=\"https:\/\/burgen-manderscheid.de\/wp-content\/uploads\/IMG_0024-1024x768.jpg 1024w, https:\/\/burgen-manderscheid.de\/wp-content\/uploads\/IMG_0024-300x225.jpg 300w, https:\/\/burgen-manderscheid.de\/wp-content\/uploads\/IMG_0024-768x576.jpg 768w, https:\/\/burgen-manderscheid.de\/wp-content\/uploads\/IMG_0024.jpg 1280w\" sizes=\"auto, (max-width: 1024px) 100vw, 1024px\" \/><\/figure>\n\n\n\n<figure class=\"wp-block-image size-large\"><img loading=\"lazy\" decoding=\"async\" width=\"1024\" height=\"683\" data-id=\"210\" src=\"https:\/\/burgen-manderscheid.de\/wp-content\/uploads\/IMG_0003-1024x683.jpg\" alt=\"\" class=\"wp-image-210\" srcset=\"https:\/\/burgen-manderscheid.de\/wp-content\/uploads\/IMG_0003-1024x683.jpg 1024w, https:\/\/burgen-manderscheid.de\/wp-content\/uploads\/IMG_0003-300x200.jpg 300w, https:\/\/burgen-manderscheid.de\/wp-content\/uploads\/IMG_0003-768x512.jpg 768w, https:\/\/burgen-manderscheid.de\/wp-content\/uploads\/IMG_0003-1536x1025.jpg 1536w, https:\/\/burgen-manderscheid.de\/wp-content\/uploads\/IMG_0003-1600x1068.jpg 1600w, https:\/\/burgen-manderscheid.de\/wp-content\/uploads\/IMG_0003.jpg 1920w\" sizes=\"auto, (max-width: 1024px) 100vw, 1024px\" \/><\/figure>\n\n\n\n<figure class=\"wp-block-image size-large\"><img loading=\"lazy\" decoding=\"async\" width=\"1024\" height=\"683\" data-id=\"212\" src=\"https:\/\/burgen-manderscheid.de\/wp-content\/uploads\/IMG_0006-1024x683.jpg\" alt=\"\" class=\"wp-image-212\" srcset=\"https:\/\/burgen-manderscheid.de\/wp-content\/uploads\/IMG_0006-1024x683.jpg 1024w, https:\/\/burgen-manderscheid.de\/wp-content\/uploads\/IMG_0006-300x200.jpg 300w, https:\/\/burgen-manderscheid.de\/wp-content\/uploads\/IMG_0006-768x512.jpg 768w, https:\/\/burgen-manderscheid.de\/wp-content\/uploads\/IMG_0006-1536x1025.jpg 1536w, https:\/\/burgen-manderscheid.de\/wp-content\/uploads\/IMG_0006-1600x1068.jpg 1600w, https:\/\/burgen-manderscheid.de\/wp-content\/uploads\/IMG_0006.jpg 1920w\" sizes=\"auto, (max-width: 1024px) 100vw, 1024px\" \/><\/figure>\n\n\n\n<figure class=\"wp-block-image size-large\"><img loading=\"lazy\" decoding=\"async\" width=\"1024\" height=\"683\" data-id=\"236\" src=\"https:\/\/burgen-manderscheid.de\/wp-content\/uploads\/IMG_0032-1024x683.jpg\" alt=\"\" class=\"wp-image-236\" srcset=\"https:\/\/burgen-manderscheid.de\/wp-content\/uploads\/IMG_0032-1024x683.jpg 1024w, https:\/\/burgen-manderscheid.de\/wp-content\/uploads\/IMG_0032-300x200.jpg 300w, https:\/\/burgen-manderscheid.de\/wp-content\/uploads\/IMG_0032-768x512.jpg 768w, https:\/\/burgen-manderscheid.de\/wp-content\/uploads\/IMG_0032-1536x1025.jpg 1536w, https:\/\/burgen-manderscheid.de\/wp-content\/uploads\/IMG_0032-1600x1068.jpg 1600w, https:\/\/burgen-manderscheid.de\/wp-content\/uploads\/IMG_0032.jpg 1920w\" sizes=\"auto, (max-width: 1024px) 100vw, 1024px\" \/><\/figure>\n<\/figure>\n","protected":false},"excerpt":{"rendered":"<p>Historisches Burgenfest Manderscheid vom 30. &#8211; 31. August 2025 Mittelalterliches Treiben Wir treffen auf Ritter, Knappen, Bauern, ein buntgemischtes Volk.&hellip;<\/p>\n","protected":false},"author":1,"featured_media":0,"parent":86,"menu_order":1,"comment_status":"closed","ping_status":"closed","template":"","meta":{"ngg_post_thumbnail":0,"_EventAllDay":false,"_EventTimezone":"","_EventStartDate":"","_EventEndDate":"","_EventStartDateUTC":"","_EventEndDateUTC":"","_EventShowMap":false,"_EventShowMapLink":false,"_EventURL":"","_EventCost":"","_EventCostDescription":"","_EventCurrencySymbol":"","_EventCurrencyCode":"","_EventCurrencyPosition":"","_EventDateTimeSeparator":"","_EventTimeRangeSeparator":"","_EventOrganizerID":[],"_EventVenueID":[],"_OrganizerEmail":"","_OrganizerPhone":"","_OrganizerWebsite":"","_VenueAddress":"","_VenueCity":"","_VenueCountry":"","_VenueProvince":"","_VenueState":"","_VenueZip":"","_VenuePhone":"","_VenueURL":"","_VenueStateProvince":"","_VenueLat":"","_VenueLng":"","_VenueShowMap":false,"_VenueShowMapLink":false,"footnotes":""},"class_list":["post-124","page","type-page","status-publish","hentry"],"jetpack_sharing_enabled":true,"_links":{"self":[{"href":"https:\/\/burgen-manderscheid.de\/index.php?rest_route=\/wp\/v2\/pages\/124","targetHints":{"allow":["GET"]}}],"collection":[{"href":"https:\/\/burgen-manderscheid.de\/index.php?rest_route=\/wp\/v2\/pages"}],"about":[{"href":"https:\/\/burgen-manderscheid.de\/index.php?rest_route=\/wp\/v2\/types\/page"}],"author":[{"embeddable":true,"href":"https:\/\/burgen-manderscheid.de\/index.php?rest_route=\/wp\/v2\/users\/1"}],"replies":[{"embeddable":true,"href":"https:\/\/burgen-manderscheid.de\/index.php?rest_route=%2Fwp%2Fv2%2Fcomments&post=124"}],"version-history":[{"count":8,"href":"https:\/\/burgen-manderscheid.de\/index.php?rest_route=\/wp\/v2\/pages\/124\/revisions"}],"predecessor-version":[{"id":878,"href":"https:\/\/burgen-manderscheid.de\/index.php?rest_route=\/wp\/v2\/pages\/124\/revisions\/878"}],"up":[{"embeddable":true,"href":"https:\/\/burgen-manderscheid.de\/index.php?rest_route=\/wp\/v2\/pages\/86"}],"wp:attachment":[{"href":"https:\/\/burgen-manderscheid.de\/index.php?rest_route=%2Fwp%2Fv2%2Fmedia&parent=124"}],"curies":[{"name":"wp","href":"https:\/\/api.w.org\/{rel}","templated":true}]}}