{"id":152,"date":"2020-11-27T15:29:41","date_gmt":"2020-11-27T14:29:41","guid":{"rendered":"https:\/\/burgen-manderscheid.de\/?page_id=152"},"modified":"2020-11-27T15:29:41","modified_gmt":"2020-11-27T14:29:41","slug":"liedgut","status":"publish","type":"page","link":"https:\/\/burgen-manderscheid.de\/?page_id=152","title":{"rendered":"Liedgut"},"content":{"rendered":"\n<p><strong>Oh Manderscheid, wie Herrlich<\/strong><\/p>\n\n\n\n<p>Oh Manderscheid, wie herrlich<br>am tiefen Liesergrund,<br>der Eifel Perle nennt Dich<br>begeistert jeder Mund.<br>Die hohen Berge gr\u00fc\u00dfen<br>hinab ins weite Tal,<br>und tief zu ihren F\u00fc\u00dfen<br>rauscht mancher Wasserfall.<\/p>\n\n\n\n<p>Zwei Burgruinen ragen,<br>Gemahnend alter Zeit<br>vom Felsen hoch getragen,<br>ob Dir, mein Manderscheid.<br>Von unten schimmert helle<br>der Lieser silber Kleid,<br>gr\u00fc\u00df Gott, Du flinke Welle,<br>Du fr\u00f6hliches Geleit.<\/p>\n\n\n\n<p>Vulkanisch ist der Boden,<br>hoch ragt ein Krater auf,<br>aus dem einst Flammen lohten,<br>wir steigen ihn hinauf.<br>Und sieh, auf hohem Berge,<br>ein blauer See \u2013 ein Maar \u2013 ,<br>das Maar vom Mosenberge,<br>das wunderbare Maar.<\/p>\n\n\n\n<p>Durch gr\u00fcne B\u00fcsch\u2019 und H\u00e4nge,<br>im waldigen Revier \u2013<br>Komm mit und la\u00df\u2019 die Enge,<br>die Sorgen hinter Dir.<br>Komm mit zum frohen Wandern,<br>in dieser sch\u00f6nen Zeit,<br>komm mit und sag\u2019s den anderen \u2013<br>gegr\u00fc\u00dft in Manderscheid!<\/p>\n\n\n\n<p class=\"has-drop-cap\">Und mu\u00df ich Dich verlassen,<br>mein Manderscheid so traut.<br>Ich ziehe meine Stra\u00dfen<br>und allen sag ich&#8217;s laut.<br>Es kann von hohem Berge<br>bis hin zum Meere weit.<br>Mit Dir sich nichts vergleichen<br>mit Dir mein Manderscheid.<br>(unbekannt)<\/p>\n","protected":false},"excerpt":{"rendered":"<p>Oh Manderscheid, wie Herrlich Oh Manderscheid, wie herrlicham tiefen Liesergrund,der Eifel Perle nennt Dichbegeistert jeder Mund.Die hohen Berge gr\u00fc\u00dfenhinab ins&hellip;<\/p>\n","protected":false},"author":1,"featured_media":0,"parent":41,"menu_order":0,"comment_status":"closed","ping_status":"closed","template":"","meta":{"ngg_post_thumbnail":0,"_EventAllDay":false,"_EventTimezone":"","_EventStartDate":"","_EventEndDate":"","_EventStartDateUTC":"","_EventEndDateUTC":"","_EventShowMap":false,"_EventShowMapLink":false,"_EventURL":"","_EventCost":"","_EventCostDescription":"","_EventCurrencySymbol":"","_EventCurrencyCode":"","_EventCurrencyPosition":"","_EventDateTimeSeparator":"","_EventTimeRangeSeparator":"","_EventOrganizerID":[],"_EventVenueID":[],"_OrganizerEmail":"","_OrganizerPhone":"","_OrganizerWebsite":"","_VenueAddress":"","_VenueCity":"","_VenueCountry":"","_VenueProvince":"","_VenueState":"","_VenueZip":"","_VenuePhone":"","_VenueURL":"","_VenueStateProvince":"","_VenueLat":"","_VenueLng":"","_VenueShowMap":false,"_VenueShowMapLink":false,"footnotes":""},"class_list":["post-152","page","type-page","status-publish","hentry"],"jetpack_sharing_enabled":true,"_links":{"self":[{"href":"https:\/\/burgen-manderscheid.de\/index.php?rest_route=\/wp\/v2\/pages\/152","targetHints":{"allow":["GET"]}}],"collection":[{"href":"https:\/\/burgen-manderscheid.de\/index.php?rest_route=\/wp\/v2\/pages"}],"about":[{"href":"https:\/\/burgen-manderscheid.de\/index.php?rest_route=\/wp\/v2\/types\/page"}],"author":[{"embeddable":true,"href":"https:\/\/burgen-manderscheid.de\/index.php?rest_route=\/wp\/v2\/users\/1"}],"replies":[{"embeddable":true,"href":"https:\/\/burgen-manderscheid.de\/index.php?rest_route=%2Fwp%2Fv2%2Fcomments&post=152"}],"version-history":[{"count":1,"href":"https:\/\/burgen-manderscheid.de\/index.php?rest_route=\/wp\/v2\/pages\/152\/revisions"}],"predecessor-version":[{"id":153,"href":"https:\/\/burgen-manderscheid.de\/index.php?rest_route=\/wp\/v2\/pages\/152\/revisions\/153"}],"up":[{"embeddable":true,"href":"https:\/\/burgen-manderscheid.de\/index.php?rest_route=\/wp\/v2\/pages\/41"}],"wp:attachment":[{"href":"https:\/\/burgen-manderscheid.de\/index.php?rest_route=%2Fwp%2Fv2%2Fmedia&parent=152"}],"curies":[{"name":"wp","href":"https:\/\/api.w.org\/{rel}","templated":true}]}}