{"id":62,"date":"2020-07-30T09:28:26","date_gmt":"2020-07-30T09:28:26","guid":{"rendered":"http:\/\/burgen-manderscheid.de\/?page_id=62"},"modified":"2025-03-15T13:23:14","modified_gmt":"2025-03-15T12:23:14","slug":"mitglied-werden","status":"publish","type":"page","link":"https:\/\/burgen-manderscheid.de\/?page_id=62","title":{"rendered":"Mitglied werden"},"content":{"rendered":"\n<p>Unterst\u00fctzen Sie unsere Arbeit und bringen Sie sich gerne im Verein ein. <br>Durch Ihre Mitgliedschaft k\u00f6nnen Sie den Verein mit ihrem Jahresbeitrag finanziell unterst\u00fctzen.\u00a0<br>Wir freuen uns besonders \u00fcber Ihre aktive Unterst\u00fctzung im Verein.<\/p>\n\n\n\n<p>Lernen wir uns kennen!<\/p>\n\n\n\n<figure class=\"wp-block-table\"><table><tbody><tr><td>Jahresbeitrag <\/td><td>Euro<\/td><\/tr><tr><td>Jugendliche bis 18 Jahre<\/td><td>20,00 \u20ac<\/td><\/tr><tr><td>Erwachsene<\/td><td>30,00 \u20ac<\/td><\/tr><tr><td>Familienbeitrag<\/td><td>50,00 \u20ac<\/td><\/tr><\/tbody><\/table><\/figure>\n\n\n\n<p>Hier k\u00f6nnen Sie die aktuelle Beitrittserkl\u00e4rung laden, ausdrucken<\/p>\n\n\n\n<div class=\"wp-block-file\"><a id=\"wp-block-file--media-9d65e892-e7be-489d-8655-1e4bc25f0701\" href=\"https:\/\/burgen-manderscheid.de\/wp-content\/uploads\/Burgenverein_Beitrittserklaerung-1.pdf\"><strong>Burgenverein Beitrittserklaerung<\/strong><\/a><a href=\"https:\/\/burgen-manderscheid.de\/wp-content\/uploads\/Burgenverein_Beitrittserklaerung-1.pdf\" class=\"wp-block-file__button wp-element-button\" download aria-describedby=\"wp-block-file--media-9d65e892-e7be-489d-8655-1e4bc25f0701\">Herunterladen<\/a><\/div>\n\n\n\n<p><\/p>\n\n\n\n<p>und an  <a href=\"mailto:mitglied@burgenverein.info\">mitglied@burgenverein.info<\/a> senden oder im <br><br>Maarmuseum<br>Postfach Burgenverein<br>Wittlicherstr. 11<br>54531 Manderscheid<br><br>abgeben.<\/p>\n\n\n\n<p><\/p>\n","protected":false},"excerpt":{"rendered":"<p>Unterst\u00fctzen Sie unsere Arbeit und bringen Sie sich gerne im Verein ein. Durch Ihre Mitgliedschaft k\u00f6nnen Sie den Verein mit&hellip;<\/p>\n","protected":false},"author":1,"featured_media":0,"parent":57,"menu_order":0,"comment_status":"closed","ping_status":"closed","template":"","meta":{"ngg_post_thumbnail":0,"_EventAllDay":false,"_EventTimezone":"","_EventStartDate":"","_EventEndDate":"","_EventStartDateUTC":"","_EventEndDateUTC":"","_EventShowMap":false,"_EventShowMapLink":false,"_EventURL":"","_EventCost":"","_EventCostDescription":"","_EventCurrencySymbol":"","_EventCurrencyCode":"","_EventCurrencyPosition":"","_EventDateTimeSeparator":"","_EventTimeRangeSeparator":"","_EventOrganizerID":[],"_EventVenueID":[],"_OrganizerEmail":"","_OrganizerPhone":"","_OrganizerWebsite":"","_VenueAddress":"","_VenueCity":"","_VenueCountry":"","_VenueProvince":"","_VenueState":"","_VenueZip":"","_VenuePhone":"","_VenueURL":"","_VenueStateProvince":"","_VenueLat":"","_VenueLng":"","_VenueShowMap":false,"_VenueShowMapLink":false,"footnotes":""},"class_list":["post-62","page","type-page","status-publish","hentry"],"jetpack_sharing_enabled":true,"_links":{"self":[{"href":"https:\/\/burgen-manderscheid.de\/index.php?rest_route=\/wp\/v2\/pages\/62","targetHints":{"allow":["GET"]}}],"collection":[{"href":"https:\/\/burgen-manderscheid.de\/index.php?rest_route=\/wp\/v2\/pages"}],"about":[{"href":"https:\/\/burgen-manderscheid.de\/index.php?rest_route=\/wp\/v2\/types\/page"}],"author":[{"embeddable":true,"href":"https:\/\/burgen-manderscheid.de\/index.php?rest_route=\/wp\/v2\/users\/1"}],"replies":[{"embeddable":true,"href":"https:\/\/burgen-manderscheid.de\/index.php?rest_route=%2Fwp%2Fv2%2Fcomments&post=62"}],"version-history":[{"count":14,"href":"https:\/\/burgen-manderscheid.de\/index.php?rest_route=\/wp\/v2\/pages\/62\/revisions"}],"predecessor-version":[{"id":866,"href":"https:\/\/burgen-manderscheid.de\/index.php?rest_route=\/wp\/v2\/pages\/62\/revisions\/866"}],"up":[{"embeddable":true,"href":"https:\/\/burgen-manderscheid.de\/index.php?rest_route=\/wp\/v2\/pages\/57"}],"wp:attachment":[{"href":"https:\/\/burgen-manderscheid.de\/index.php?rest_route=%2Fwp%2Fv2%2Fmedia&parent=62"}],"curies":[{"name":"wp","href":"https:\/\/api.w.org\/{rel}","templated":true}]}}