{"id":77,"date":"2020-07-30T10:19:34","date_gmt":"2020-07-30T10:19:34","guid":{"rendered":"http:\/\/burgen-manderscheid.de\/?page_id=77"},"modified":"2021-06-16T15:49:58","modified_gmt":"2021-06-16T14:49:58","slug":"die-niederburg","status":"publish","type":"page","link":"https:\/\/burgen-manderscheid.de\/?page_id=77","title":{"rendered":"Die Niederburg"},"content":{"rendered":"\n<p>Die Niederburg beeindruckt durch ihre Lage auf einem isolierten, von einer Flussschleife der Lieser begrenzten steilen Felsgrat. Bei der eindrucksvollen Ruine der Niederburg handelt es sich um die j\u00fcngere der beiden Manderscheider Burgen. Ihre Entstehung konnte aber bislang noch nicht zufriedenstellend gekl\u00e4rt werden. Zu den \u00e4ltesten noch erhaltenen Teilen der Anlage geh\u00f6ren mit Sicherheit der auf dem h\u00f6chsten Punkt des Berges gelegene quadratische Bergfried, Teile der Ringmauer und der Palas.<\/p>\n\n\n\n<figure class=\"wp-block-table alignwide\"><table><tbody><tr><td><strong>1133<\/strong><\/td><td>Mutma\u00dfliche erste Erw\u00e4hnung der Niederburg als freies Eigentum der Manderscheider (Richard I.)<br>Nach dem Verlust der Oberburg an Kurtrier wird die Niederburg nun Stammsitz der Manderscheider.<\/td><\/tr><tr><td><strong>1201<\/strong><\/td><td>Erste gesicherte Erw\u00e4hnung der Niederburg. Herr auf der \u201ekleineren\u201c Burg ist Theoderich (&#8222;dominus minoris castri de Manderscheid&#8220;).<\/td><\/tr><tr><td><strong>1337<\/strong><\/td><td>Wilhelm V. tr\u00e4gt die Burg dem Grafen von Luxemburg zu Lehen auf.<\/td><\/tr><tr><td><strong>1346-1348<\/strong><\/td><td>Milit\u00e4rische Auseinandersetzungen zwischen den Manderscheidern und dem Trierer Erzbischof Balduin. Auf der Seite des Erzbischofs stehen Graf Wilhelm von J\u00fclich sowie der Erzbischof von K\u00f6ln.<\/td><\/tr><tr><td><strong>1391-1392<\/strong><\/td><td>Ausbau der Burg unter Diedrich I., der aber seinen Wohnsitz nach und nach auf den Gutshof nach Kail verlegt. Die Burg in Manderscheid verf\u00e4llt danach immer mehr.<\/td><\/tr><tr><td><strong>1427-1428<\/strong><\/td><td>Dietrich II. stellt die Burg wieder her und l\u00e4sst auch neue Geb\u00e4ude errichten. Der Burgbering wird erheblich erweitert. Unter anderem wird ein neuer Burgweg angelegt, das urspr\u00fcngliche Tor im S\u00fcden am Fu\u00df des Burgberges zugemauert und dahinter ein Rundturm erbaut. Ein neuer Zugang entsteht in der S\u00fcdwestecke. Durch eine Mauer wird die Talsiedlung miteingeschlossen.<br>Diedrich II. und der nachfolgende Diedrich III. wohnen aber nur noch zeitweise auf der Niederburg.<\/td><\/tr><tr><td><strong>1433<\/strong><\/td><td>Die Burgkapelle wird urkundlich erw\u00e4hnt.&nbsp;<\/td><\/tr><tr><td><strong>1437<\/strong><\/td><td>Freiheitsbrief f\u00fcr die Bewohner der Talsiedlung.<\/td><\/tr><tr><td><strong>1488<\/strong><\/td><td>Nach der Spaltung der Familie f\u00e4llt der Stammsitz Manderscheid an die Manderscheid-Schleidener Linie.<\/td><\/tr><tr><td><strong>1618<\/strong><\/td><td>Eroberung der Burg durch Erzherzog Albrecht von Habsburg im Auftrag Kaiser Ferdinands II. Gefangennahme von Steno von L\u00f6wenhaupt, der auf der Burg wohnte.<\/td><\/tr><tr><td><strong>1628<\/strong><\/td><td>Die Burg wird als Familiensitz aufgegeben.<\/td><\/tr><tr><td><strong>1689<\/strong><\/td><td>Niederbrennung der Burgen im Pf\u00e4lzischen Erbfolgekrieg (1688-1697) durch franz\u00f6sischen Truppen Ludwigs XIV.<\/td><\/tr><tr><td><strong>1711<\/strong><\/td><td>Die Niederburg wird letztmals baulich ausgebessert.<br>In der Folgezeit setzt der Verfall der Niederburg ein, die jedoch in Teilen noch bis zum Ende des 18. Jahrhunderts bewohnt wird, wie die im Jahre 1780 von allen D\u00f6rfern der Grafschaft verlangten, aber verweigerten Wachdienste zeigen.<\/td><\/tr><tr><td><strong>1803<\/strong><\/td><td>Die Burg wird von den franz\u00f6sischen Machthabern zum Abbruch versteigert. Die Pfarrei Buchholz erwirbt die Glocke aus der Burgkapelle.<br>Im <strong>Verlauf des 19. Jahrhunderts<\/strong> kommt die Niederburg in b\u00fcrgerliche H\u00e4nde. K\u00e4ufer der Burg war Matthias Vogel aus Temmels an der Obermosel. Der Kaufpreis ist nicht bekannt. Vogel stammte aus Diekirch und hatte in Paris das Schusterhandwerk erlernt. Nach der Besetzung des Herzogtums Luxemburg durch franz\u00f6sische Truppen war er 1875 in die Verwaltung des an Frankreich angegliederten D\u00e9partement des For\u00eats (W\u00e4lder-Departement) eingetreten.<br>Nach dem M\u00fchlenbuch der Talm\u00fchle in Niedermanderscheid wurde die Niederburg am <strong>19. Oktober 1830<\/strong> \u00fcber den kaiserlichen Notar im Kanton Manderscheid, Wilhelm Christian Deuster in Wittlich, von dem Wollarbeiter und Ackerer Johann Hammel und der Witwe des M\u00fchlenbesitzers Nikolaus Carls, beide aus Niedermanderscheid, f\u00fcr vierzig Thaler gekauft. Der Besitzer war seinerzeit der Kaufmann Otto Bettingen aus Neuerburg, ein Schwager von Matthias Vogel.<br>Andere Quellen besagen, dass Johann Hammel und der Wirt Johann Steffens aus Niedermanderscheid die K\u00e4ufer waren.<br>Johann Hammel lie\u00df seinen Anteil <strong>1866<\/strong> f\u00fcr 160 Thaler an einen Herrn Karnap versteigern, der andere Anteil verblieb im Besitz der Familie Steffens.<\/td><\/tr><tr><td><strong>1899<\/strong><\/td><td>Der Eifelverein erwirbt die Burg.<br>Die dem Verfall ausgesetzte Ruine hatte der damalige Eifelvereinsvorsitzende Karl von Voigt <strong>1899<\/strong> f\u00fcr 1.265 Mark ersteigert. In den folgenden vier Jahren wurden Renovierungsarbeiten vorgenommen, die zusammen mit dem Kaufpreis 7.500 Mark betrugen. Dazu hatten die Provinzialverwaltung 4.470 Mark und Kaiser Wilhelm 1.000 Mark beigesteuert.<br>Dem Architekten Gustav Krause oblag schlie\u00dflich <strong>ab 1914<\/strong> eine gr\u00fcndliche Instandsetzung der Ruine unter gr\u00f6\u00dftm\u00f6glicher Wahrung der vorhandenen Substanz.<\/td><\/tr><tr><td><strong>1926-1931<\/strong><\/td><td>wurden nochmals umfangreiche Sicherungsarbeiten durchgef\u00fchrt. Diese Arbeiten kosteten insgesamt 15.300 Reichsmark.<\/td><\/tr><tr><td><strong>1922<\/strong><\/td><td>wurde auf der Niederburg das Ehrenmal f\u00fcr die im Weltkrieg gefallenen Mitglieder errichtet.<\/td><\/tr><tr><td><strong>ab 1978<\/strong><\/td><td>wurden wieder umfangreiche Restaurierungsma\u00dfnahmen durchgef\u00fchrt, unter anderem wurden das Portenhaus und der Ostturm wiederhergestellt.<\/td><\/tr><tr><td><strong>2015<\/strong><\/td><td>beschloss der Eifelverein, die Niederburg zum 31. Dezember 2017 an die Stadt Manderscheid zu verkaufen.<\/td><\/tr><tr><td><strong>2018<\/strong><\/td><td>Die Ruine der Niederburg befindet sich seit dem 1. Januar 2018 im Besitz der Stadt Manderscheid.<\/td><\/tr><\/tbody><\/table><\/figure>\n\n\n\n<figure class=\"wp-block-gallery columns-2 is-cropped wp-block-gallery-1 is-layout-flex wp-block-gallery-is-layout-flex\"><ul class=\"blocks-gallery-grid\"><li class=\"blocks-gallery-item\"><figure><img loading=\"lazy\" decoding=\"async\" width=\"1024\" height=\"684\" src=\"https:\/\/burgen-manderscheid.de\/wp-content\/uploads\/DSC04926-1024x684.jpg\" alt=\"\" data-id=\"207\" data-full-url=\"https:\/\/burgen-manderscheid.de\/wp-content\/uploads\/DSC04926.jpg\" data-link=\"https:\/\/burgen-manderscheid.de\/?attachment_id=207\" class=\"wp-image-207\" srcset=\"https:\/\/burgen-manderscheid.de\/wp-content\/uploads\/DSC04926-1024x684.jpg 1024w, https:\/\/burgen-manderscheid.de\/wp-content\/uploads\/DSC04926-300x200.jpg 300w, https:\/\/burgen-manderscheid.de\/wp-content\/uploads\/DSC04926-768x513.jpg 768w, https:\/\/burgen-manderscheid.de\/wp-content\/uploads\/DSC04926-1536x1027.jpg 1536w, https:\/\/burgen-manderscheid.de\/wp-content\/uploads\/DSC04926-1600x1069.jpg 1600w, https:\/\/burgen-manderscheid.de\/wp-content\/uploads\/DSC04926.jpg 1616w\" sizes=\"auto, (max-width: 1024px) 100vw, 1024px\" \/><\/figure><\/li><li class=\"blocks-gallery-item\"><figure><img loading=\"lazy\" decoding=\"async\" width=\"640\" height=\"640\" src=\"https:\/\/burgen-manderscheid.de\/wp-content\/uploads\/2020\/03\/Burg.jpg\" alt=\"\" data-id=\"6\" data-full-url=\"https:\/\/burgen-manderscheid.de\/wp-content\/uploads\/2020\/03\/Burg.jpg\" data-link=\"https:\/\/burgen-manderscheid.de\/?attachment_id=6\" class=\"wp-image-6\" srcset=\"https:\/\/burgen-manderscheid.de\/wp-content\/uploads\/2020\/03\/Burg.jpg 640w, https:\/\/burgen-manderscheid.de\/wp-content\/uploads\/2020\/03\/Burg-300x300.jpg 300w, https:\/\/burgen-manderscheid.de\/wp-content\/uploads\/2020\/03\/Burg-150x150.jpg 150w, https:\/\/burgen-manderscheid.de\/wp-content\/uploads\/2020\/03\/Burg-100x100.jpg 100w\" sizes=\"auto, (max-width: 640px) 100vw, 640px\" \/><\/figure><\/li><\/ul><\/figure>\n\n\n\n<p class=\"has-text-align-right\">(Quelle: H.J. Neuhaus, Manderscheid)<\/p>\n\n\n\n<p class=\"has-text-align-left\">Weiter Informationen zum Angebot auf der Niederburg finden Sie unter:<br><strong><a rel=\"noreferrer noopener\" href=\"http:\/\/www.niederburg-manderscheid.de\" target=\"_blank\">www.niederburg-manderscheid.de<\/a><\/strong><\/p>\n\n\n\n<figure class=\"wp-block-gallery columns-3 is-cropped wp-block-gallery-2 is-layout-flex wp-block-gallery-is-layout-flex\"><ul class=\"blocks-gallery-grid\"><li class=\"blocks-gallery-item\"><figure><img loading=\"lazy\" decoding=\"async\" width=\"1024\" height=\"685\" src=\"https:\/\/burgen-manderscheid.de\/wp-content\/uploads\/DSC04921-1-1024x685.jpg\" alt=\"\" data-id=\"205\" data-link=\"https:\/\/burgen-manderscheid.de\/?attachment_id=205\" class=\"wp-image-205\" srcset=\"https:\/\/burgen-manderscheid.de\/wp-content\/uploads\/DSC04921-1-1024x685.jpg 1024w, https:\/\/burgen-manderscheid.de\/wp-content\/uploads\/DSC04921-1-300x201.jpg 300w, https:\/\/burgen-manderscheid.de\/wp-content\/uploads\/DSC04921-1-768x513.jpg 768w, https:\/\/burgen-manderscheid.de\/wp-content\/uploads\/DSC04921-1.jpg 1487w\" sizes=\"auto, (max-width: 1024px) 100vw, 1024px\" \/><\/figure><\/li><li class=\"blocks-gallery-item\"><figure><img loading=\"lazy\" decoding=\"async\" width=\"1024\" height=\"683\" src=\"https:\/\/burgen-manderscheid.de\/wp-content\/uploads\/IMG_0030-1024x683.jpg\" alt=\"\" data-id=\"234\" data-link=\"https:\/\/burgen-manderscheid.de\/?attachment_id=234\" class=\"wp-image-234\" srcset=\"https:\/\/burgen-manderscheid.de\/wp-content\/uploads\/IMG_0030-1024x683.jpg 1024w, https:\/\/burgen-manderscheid.de\/wp-content\/uploads\/IMG_0030-300x200.jpg 300w, https:\/\/burgen-manderscheid.de\/wp-content\/uploads\/IMG_0030-768x512.jpg 768w, https:\/\/burgen-manderscheid.de\/wp-content\/uploads\/IMG_0030-1536x1025.jpg 1536w, https:\/\/burgen-manderscheid.de\/wp-content\/uploads\/IMG_0030-1600x1068.jpg 1600w, https:\/\/burgen-manderscheid.de\/wp-content\/uploads\/IMG_0030.jpg 1920w\" sizes=\"auto, (max-width: 1024px) 100vw, 1024px\" \/><\/figure><\/li><li class=\"blocks-gallery-item\"><figure><img loading=\"lazy\" decoding=\"async\" width=\"1024\" height=\"684\" src=\"https:\/\/burgen-manderscheid.de\/wp-content\/uploads\/IMG_1683-1024x684.jpg\" alt=\"\" data-id=\"250\" data-link=\"https:\/\/burgen-manderscheid.de\/?attachment_id=250\" class=\"wp-image-250\" srcset=\"https:\/\/burgen-manderscheid.de\/wp-content\/uploads\/IMG_1683-1024x684.jpg 1024w, https:\/\/burgen-manderscheid.de\/wp-content\/uploads\/IMG_1683-300x200.jpg 300w, https:\/\/burgen-manderscheid.de\/wp-content\/uploads\/IMG_1683-768x513.jpg 768w, https:\/\/burgen-manderscheid.de\/wp-content\/uploads\/IMG_1683-1536x1027.jpg 1536w, https:\/\/burgen-manderscheid.de\/wp-content\/uploads\/IMG_1683-1600x1069.jpg 1600w, https:\/\/burgen-manderscheid.de\/wp-content\/uploads\/IMG_1683.jpg 1616w\" sizes=\"auto, (max-width: 1024px) 100vw, 1024px\" \/><\/figure><\/li><li class=\"blocks-gallery-item\"><figure><img decoding=\"async\" src=\"https:\/\/burgen-manderscheid.de\/wp-content\/uploads\/winter.jpg\" alt=\"\" data-id=\"274\" data-link=\"https:\/\/burgen-manderscheid.de\/?attachment_id=274\" class=\"wp-image-274\"\/><\/figure><\/li><li class=\"blocks-gallery-item\"><figure><img loading=\"lazy\" decoding=\"async\" width=\"1024\" height=\"1024\" src=\"https:\/\/burgen-manderscheid.de\/wp-content\/uploads\/IMG_0684-1024x1024.jpg\" alt=\"\" data-id=\"266\" data-link=\"https:\/\/burgen-manderscheid.de\/?attachment_id=266\" class=\"wp-image-266\" srcset=\"https:\/\/burgen-manderscheid.de\/wp-content\/uploads\/IMG_0684-1024x1024.jpg 1024w, https:\/\/burgen-manderscheid.de\/wp-content\/uploads\/IMG_0684-300x300.jpg 300w, https:\/\/burgen-manderscheid.de\/wp-content\/uploads\/IMG_0684-150x150.jpg 150w, https:\/\/burgen-manderscheid.de\/wp-content\/uploads\/IMG_0684-768x768.jpg 768w, https:\/\/burgen-manderscheid.de\/wp-content\/uploads\/IMG_0684-1536x1536.jpg 1536w, https:\/\/burgen-manderscheid.de\/wp-content\/uploads\/IMG_0684-1600x1600.jpg 1600w, https:\/\/burgen-manderscheid.de\/wp-content\/uploads\/IMG_0684.jpg 1920w\" sizes=\"auto, (max-width: 1024px) 100vw, 1024px\" \/><\/figure><\/li><li class=\"blocks-gallery-item\"><figure><img loading=\"lazy\" decoding=\"async\" width=\"1024\" height=\"1024\" src=\"https:\/\/burgen-manderscheid.de\/wp-content\/uploads\/IMG_0015-1024x1024.jpg\" alt=\"\" data-id=\"222\" data-link=\"https:\/\/burgen-manderscheid.de\/?attachment_id=222\" class=\"wp-image-222\" srcset=\"https:\/\/burgen-manderscheid.de\/wp-content\/uploads\/IMG_0015-1024x1024.jpg 1024w, https:\/\/burgen-manderscheid.de\/wp-content\/uploads\/IMG_0015-300x300.jpg 300w, https:\/\/burgen-manderscheid.de\/wp-content\/uploads\/IMG_0015-150x150.jpg 150w, https:\/\/burgen-manderscheid.de\/wp-content\/uploads\/IMG_0015-768x768.jpg 768w, https:\/\/burgen-manderscheid.de\/wp-content\/uploads\/IMG_0015-1536x1536.jpg 1536w, https:\/\/burgen-manderscheid.de\/wp-content\/uploads\/IMG_0015-1600x1600.jpg 1600w, https:\/\/burgen-manderscheid.de\/wp-content\/uploads\/IMG_0015.jpg 1920w\" sizes=\"auto, (max-width: 1024px) 100vw, 1024px\" \/><\/figure><\/li><li class=\"blocks-gallery-item\"><figure><img loading=\"lazy\" decoding=\"async\" width=\"1024\" height=\"768\" src=\"https:\/\/burgen-manderscheid.de\/wp-content\/uploads\/IMG_0024-1024x768.jpg\" alt=\"\" data-id=\"231\" data-link=\"https:\/\/burgen-manderscheid.de\/?attachment_id=231\" class=\"wp-image-231\" srcset=\"https:\/\/burgen-manderscheid.de\/wp-content\/uploads\/IMG_0024-1024x768.jpg 1024w, https:\/\/burgen-manderscheid.de\/wp-content\/uploads\/IMG_0024-300x225.jpg 300w, https:\/\/burgen-manderscheid.de\/wp-content\/uploads\/IMG_0024-768x576.jpg 768w, https:\/\/burgen-manderscheid.de\/wp-content\/uploads\/IMG_0024.jpg 1280w\" sizes=\"auto, (max-width: 1024px) 100vw, 1024px\" \/><\/figure><\/li><li class=\"blocks-gallery-item\"><figure><img loading=\"lazy\" decoding=\"async\" width=\"1024\" height=\"684\" src=\"https:\/\/burgen-manderscheid.de\/wp-content\/uploads\/DSC04926-1024x684.jpg\" alt=\"\" data-id=\"207\" data-link=\"https:\/\/burgen-manderscheid.de\/?attachment_id=207\" class=\"wp-image-207\" srcset=\"https:\/\/burgen-manderscheid.de\/wp-content\/uploads\/DSC04926-1024x684.jpg 1024w, https:\/\/burgen-manderscheid.de\/wp-content\/uploads\/DSC04926-300x200.jpg 300w, https:\/\/burgen-manderscheid.de\/wp-content\/uploads\/DSC04926-768x513.jpg 768w, https:\/\/burgen-manderscheid.de\/wp-content\/uploads\/DSC04926-1536x1027.jpg 1536w, https:\/\/burgen-manderscheid.de\/wp-content\/uploads\/DSC04926-1600x1069.jpg 1600w, https:\/\/burgen-manderscheid.de\/wp-content\/uploads\/DSC04926.jpg 1616w\" sizes=\"auto, (max-width: 1024px) 100vw, 1024px\" \/><\/figure><\/li><li class=\"blocks-gallery-item\"><figure><img loading=\"lazy\" decoding=\"async\" width=\"1024\" height=\"684\" src=\"https:\/\/burgen-manderscheid.de\/wp-content\/uploads\/DSC04923-1024x684.jpg\" alt=\"\" data-id=\"206\" data-link=\"https:\/\/burgen-manderscheid.de\/?attachment_id=206\" class=\"wp-image-206\" srcset=\"https:\/\/burgen-manderscheid.de\/wp-content\/uploads\/DSC04923-1024x684.jpg 1024w, https:\/\/burgen-manderscheid.de\/wp-content\/uploads\/DSC04923-300x200.jpg 300w, https:\/\/burgen-manderscheid.de\/wp-content\/uploads\/DSC04923-768x513.jpg 768w, https:\/\/burgen-manderscheid.de\/wp-content\/uploads\/DSC04923-1536x1027.jpg 1536w, https:\/\/burgen-manderscheid.de\/wp-content\/uploads\/DSC04923-1600x1069.jpg 1600w, https:\/\/burgen-manderscheid.de\/wp-content\/uploads\/DSC04923.jpg 1616w\" sizes=\"auto, (max-width: 1024px) 100vw, 1024px\" \/><\/figure><\/li><li class=\"blocks-gallery-item\"><figure><img loading=\"lazy\" decoding=\"async\" width=\"1024\" height=\"1024\" src=\"https:\/\/burgen-manderscheid.de\/wp-content\/uploads\/IMG_0731-1024x1024.jpg\" alt=\"\" data-id=\"248\" data-link=\"https:\/\/burgen-manderscheid.de\/?attachment_id=248\" class=\"wp-image-248\" srcset=\"https:\/\/burgen-manderscheid.de\/wp-content\/uploads\/IMG_0731-1024x1024.jpg 1024w, https:\/\/burgen-manderscheid.de\/wp-content\/uploads\/IMG_0731-300x300.jpg 300w, https:\/\/burgen-manderscheid.de\/wp-content\/uploads\/IMG_0731-150x150.jpg 150w, https:\/\/burgen-manderscheid.de\/wp-content\/uploads\/IMG_0731-768x768.jpg 768w, https:\/\/burgen-manderscheid.de\/wp-content\/uploads\/IMG_0731.jpg 1512w\" sizes=\"auto, (max-width: 1024px) 100vw, 1024px\" \/><\/figure><\/li><li class=\"blocks-gallery-item\"><figure><img loading=\"lazy\" decoding=\"async\" width=\"1024\" height=\"684\" src=\"https:\/\/burgen-manderscheid.de\/wp-content\/uploads\/DSC04666-1024x684.jpg\" alt=\"\" data-id=\"273\" data-link=\"https:\/\/burgen-manderscheid.de\/?attachment_id=273\" class=\"wp-image-273\" srcset=\"https:\/\/burgen-manderscheid.de\/wp-content\/uploads\/DSC04666-1024x684.jpg 1024w, https:\/\/burgen-manderscheid.de\/wp-content\/uploads\/DSC04666-300x200.jpg 300w, https:\/\/burgen-manderscheid.de\/wp-content\/uploads\/DSC04666-768x513.jpg 768w, https:\/\/burgen-manderscheid.de\/wp-content\/uploads\/DSC04666-1536x1027.jpg 1536w, https:\/\/burgen-manderscheid.de\/wp-content\/uploads\/DSC04666-1600x1069.jpg 1600w, https:\/\/burgen-manderscheid.de\/wp-content\/uploads\/DSC04666.jpg 1616w\" sizes=\"auto, (max-width: 1024px) 100vw, 1024px\" \/><\/figure><\/li><\/ul><\/figure>\n\n\n\n<figure class=\"wp-block-gallery columns-3 is-cropped wp-block-gallery-3 is-layout-flex wp-block-gallery-is-layout-flex\"><ul class=\"blocks-gallery-grid\"><li class=\"blocks-gallery-item\"><figure><img loading=\"lazy\" decoding=\"async\" width=\"1024\" height=\"1024\" src=\"https:\/\/burgen-manderscheid.de\/wp-content\/uploads\/IMG_0706-1024x1024.jpg\" alt=\"\" data-id=\"269\" data-full-url=\"https:\/\/burgen-manderscheid.de\/wp-content\/uploads\/IMG_0706.jpg\" data-link=\"https:\/\/burgen-manderscheid.de\/?attachment_id=269\" class=\"wp-image-269\" srcset=\"https:\/\/burgen-manderscheid.de\/wp-content\/uploads\/IMG_0706-1024x1024.jpg 1024w, https:\/\/burgen-manderscheid.de\/wp-content\/uploads\/IMG_0706-300x300.jpg 300w, https:\/\/burgen-manderscheid.de\/wp-content\/uploads\/IMG_0706-150x150.jpg 150w, https:\/\/burgen-manderscheid.de\/wp-content\/uploads\/IMG_0706-768x768.jpg 768w, https:\/\/burgen-manderscheid.de\/wp-content\/uploads\/IMG_0706-1536x1536.jpg 1536w, https:\/\/burgen-manderscheid.de\/wp-content\/uploads\/IMG_0706-1600x1600.jpg 1600w, https:\/\/burgen-manderscheid.de\/wp-content\/uploads\/IMG_0706.jpg 1920w\" sizes=\"auto, (max-width: 1024px) 100vw, 1024px\" \/><\/figure><\/li><li class=\"blocks-gallery-item\"><figure><img loading=\"lazy\" decoding=\"async\" width=\"1024\" height=\"878\" src=\"https:\/\/burgen-manderscheid.de\/wp-content\/uploads\/IMG_0711-1024x878.jpg\" alt=\"\" data-id=\"270\" data-full-url=\"https:\/\/burgen-manderscheid.de\/wp-content\/uploads\/IMG_0711.jpg\" data-link=\"https:\/\/burgen-manderscheid.de\/?attachment_id=270\" class=\"wp-image-270\" srcset=\"https:\/\/burgen-manderscheid.de\/wp-content\/uploads\/IMG_0711-1024x878.jpg 1024w, https:\/\/burgen-manderscheid.de\/wp-content\/uploads\/IMG_0711-300x257.jpg 300w, https:\/\/burgen-manderscheid.de\/wp-content\/uploads\/IMG_0711-768x658.jpg 768w, https:\/\/burgen-manderscheid.de\/wp-content\/uploads\/IMG_0711-1536x1317.jpg 1536w, https:\/\/burgen-manderscheid.de\/wp-content\/uploads\/IMG_0711-1600x1372.jpg 1600w, https:\/\/burgen-manderscheid.de\/wp-content\/uploads\/IMG_0711.jpg 1920w\" sizes=\"auto, (max-width: 1024px) 100vw, 1024px\" \/><\/figure><\/li><li class=\"blocks-gallery-item\"><figure><img loading=\"lazy\" decoding=\"async\" width=\"1024\" height=\"1024\" src=\"https:\/\/burgen-manderscheid.de\/wp-content\/uploads\/IMG_0717-1024x1024.jpg\" alt=\"\" data-id=\"271\" data-full-url=\"https:\/\/burgen-manderscheid.de\/wp-content\/uploads\/IMG_0717.jpg\" data-link=\"https:\/\/burgen-manderscheid.de\/?attachment_id=271\" class=\"wp-image-271\" srcset=\"https:\/\/burgen-manderscheid.de\/wp-content\/uploads\/IMG_0717-1024x1024.jpg 1024w, https:\/\/burgen-manderscheid.de\/wp-content\/uploads\/IMG_0717-300x300.jpg 300w, https:\/\/burgen-manderscheid.de\/wp-content\/uploads\/IMG_0717-150x150.jpg 150w, https:\/\/burgen-manderscheid.de\/wp-content\/uploads\/IMG_0717-768x768.jpg 768w, https:\/\/burgen-manderscheid.de\/wp-content\/uploads\/IMG_0717-1536x1536.jpg 1536w, https:\/\/burgen-manderscheid.de\/wp-content\/uploads\/IMG_0717-1600x1600.jpg 1600w, https:\/\/burgen-manderscheid.de\/wp-content\/uploads\/IMG_0717.jpg 1920w\" sizes=\"auto, (max-width: 1024px) 100vw, 1024px\" \/><\/figure><\/li><li class=\"blocks-gallery-item\"><figure><img loading=\"lazy\" decoding=\"async\" width=\"1024\" height=\"768\" src=\"https:\/\/burgen-manderscheid.de\/wp-content\/uploads\/IMG_0686-1024x768.jpg\" alt=\"\" data-id=\"267\" data-full-url=\"https:\/\/burgen-manderscheid.de\/wp-content\/uploads\/IMG_0686.jpg\" data-link=\"https:\/\/burgen-manderscheid.de\/?attachment_id=267\" class=\"wp-image-267\" srcset=\"https:\/\/burgen-manderscheid.de\/wp-content\/uploads\/IMG_0686-1024x768.jpg 1024w, https:\/\/burgen-manderscheid.de\/wp-content\/uploads\/IMG_0686-300x225.jpg 300w, https:\/\/burgen-manderscheid.de\/wp-content\/uploads\/IMG_0686-768x576.jpg 768w, https:\/\/burgen-manderscheid.de\/wp-content\/uploads\/IMG_0686-1536x1152.jpg 1536w, https:\/\/burgen-manderscheid.de\/wp-content\/uploads\/IMG_0686-1600x1200.jpg 1600w, https:\/\/burgen-manderscheid.de\/wp-content\/uploads\/IMG_0686.jpg 1920w\" sizes=\"auto, (max-width: 1024px) 100vw, 1024px\" \/><\/figure><\/li><li class=\"blocks-gallery-item\"><figure><img loading=\"lazy\" decoding=\"async\" width=\"759\" height=\"1024\" src=\"https:\/\/burgen-manderscheid.de\/wp-content\/uploads\/IMG_1701-759x1024.jpg\" alt=\"\" data-id=\"251\" data-full-url=\"https:\/\/burgen-manderscheid.de\/wp-content\/uploads\/IMG_1701.jpg\" data-link=\"https:\/\/burgen-manderscheid.de\/?attachment_id=251\" class=\"wp-image-251\" srcset=\"https:\/\/burgen-manderscheid.de\/wp-content\/uploads\/IMG_1701-759x1024.jpg 759w, https:\/\/burgen-manderscheid.de\/wp-content\/uploads\/IMG_1701-222x300.jpg 222w, https:\/\/burgen-manderscheid.de\/wp-content\/uploads\/IMG_1701-768x1036.jpg 768w, https:\/\/burgen-manderscheid.de\/wp-content\/uploads\/IMG_1701-1138x1536.jpg 1138w, https:\/\/burgen-manderscheid.de\/wp-content\/uploads\/IMG_1701.jpg 1423w\" sizes=\"auto, (max-width: 759px) 100vw, 759px\" \/><\/figure><\/li><\/ul><\/figure>\n","protected":false},"excerpt":{"rendered":"<p>Die Niederburg beeindruckt durch ihre Lage auf einem isolierten, von einer Flussschleife der Lieser begrenzten steilen Felsgrat. Bei der eindrucksvollen&hellip;<\/p>\n","protected":false},"author":1,"featured_media":0,"parent":64,"menu_order":0,"comment_status":"closed","ping_status":"closed","template":"","meta":{"ngg_post_thumbnail":0,"_EventAllDay":false,"_EventTimezone":"","_EventStartDate":"","_EventEndDate":"","_EventStartDateUTC":"","_EventEndDateUTC":"","_EventShowMap":false,"_EventShowMapLink":false,"_EventURL":"","_EventCost":"","_EventCostDescription":"","_EventCurrencySymbol":"","_EventCurrencyCode":"","_EventCurrencyPosition":"","_EventDateTimeSeparator":"","_EventTimeRangeSeparator":"","_EventOrganizerID":[],"_EventVenueID":[],"_OrganizerEmail":"","_OrganizerPhone":"","_OrganizerWebsite":"","_VenueAddress":"","_VenueCity":"","_VenueCountry":"","_VenueProvince":"","_VenueState":"","_VenueZip":"","_VenuePhone":"","_VenueURL":"","_VenueStateProvince":"","_VenueLat":"","_VenueLng":"","_VenueShowMap":false,"_VenueShowMapLink":false,"footnotes":""},"class_list":["post-77","page","type-page","status-publish","hentry"],"jetpack_sharing_enabled":true,"_links":{"self":[{"href":"https:\/\/burgen-manderscheid.de\/index.php?rest_route=\/wp\/v2\/pages\/77","targetHints":{"allow":["GET"]}}],"collection":[{"href":"https:\/\/burgen-manderscheid.de\/index.php?rest_route=\/wp\/v2\/pages"}],"about":[{"href":"https:\/\/burgen-manderscheid.de\/index.php?rest_route=\/wp\/v2\/types\/page"}],"author":[{"embeddable":true,"href":"https:\/\/burgen-manderscheid.de\/index.php?rest_route=\/wp\/v2\/users\/1"}],"replies":[{"embeddable":true,"href":"https:\/\/burgen-manderscheid.de\/index.php?rest_route=%2Fwp%2Fv2%2Fcomments&post=77"}],"version-history":[{"count":7,"href":"https:\/\/burgen-manderscheid.de\/index.php?rest_route=\/wp\/v2\/pages\/77\/revisions"}],"predecessor-version":[{"id":486,"href":"https:\/\/burgen-manderscheid.de\/index.php?rest_route=\/wp\/v2\/pages\/77\/revisions\/486"}],"up":[{"embeddable":true,"href":"https:\/\/burgen-manderscheid.de\/index.php?rest_route=\/wp\/v2\/pages\/64"}],"wp:attachment":[{"href":"https:\/\/burgen-manderscheid.de\/index.php?rest_route=%2Fwp%2Fv2%2Fmedia&parent=77"}],"curies":[{"name":"wp","href":"https:\/\/api.w.org\/{rel}","templated":true}]}}